{"id":792,"date":"2015-01-19T19:18:18","date_gmt":"2015-01-19T18:18:18","guid":{"rendered":"http:\/\/www.chateau-de-riverie.fr\/?page_id=792"},"modified":"2024-03-24T19:36:53","modified_gmt":"2024-03-24T18:36:53","slug":"conditions-generales-vente","status":"publish","type":"page","link":"https:\/\/www.chateau-de-riverie.fr\/en\/informations-pratiques\/conditions-generales-vente\/","title":{"rendered":"Conditions g\u00e9n\u00e9rales de vente"},"content":{"rendered":"\n<p><b>Article 1 &#8211; Objet<\/b><br \/>Ce contrat est destin\u00e9 \u00e0 l&#8217;usage exclusif de la r\u00e9servation de s\u00e9jours en chambres d&#8217;h\u00f4tes. Le meilleur accueil sera r\u00e9serv\u00e9 \u00e0 nos h\u00f4tes. Le propri\u00e9taire s&#8217;engage \u00e0 assurer personnellement l&#8217;accueil des vacanciers avec toutes les attentions souhaitables permettant de faciliter leur s\u00e9jour et la connaissance de la r\u00e9gion.<br \/><br \/><b>Article 2 &#8211; Dur\u00e9e du s\u00e9jour<\/b><br \/>Le client signataire du pr\u00e9sent contrat conclu pour une dur\u00e9e d\u00e9termin\u00e9e ne pourra en aucune circonstance se pr\u00e9valoir d&#8217;un quelconque droit au maintien dans les lieux.<br \/>\u00a0<br \/><b>Article 3 &#8211; Formalit\u00e9s de r\u00e9servation<\/b><br \/>La r\u00e9servation devient effective d\u00e8s lors que le client aura r\u00e9gl\u00e9 au propri\u00e9taire un acompte de 50 % du montant total du prix du s\u00e9jour,\u00a0<br \/>Par le r\u00e8glement de l&#8217;acompte, vous confirmez votre accord plein et entier avec les conditions g\u00e9n\u00e9rales sp\u00e9cifi\u00e9es ci-apr\u00e8s. Merci de bien vouloir noter que sans le versement de l&#8217;acompte dans le d\u00e9lai imparti, la r\u00e9servation n&#8217;est pas confirm\u00e9e et que, en cons\u00e9quence, nous nous r\u00e9servons le droit de r\u00e9cup\u00e9rer les chambres.<br \/>\u00a0<br \/><b>Article 4 &#8211; Annulation du s\u00e9jour par le client<\/b><br \/>Toute modification n&#8217;est possible qu&#8217;apr\u00e8s l&#8217;accord de \u00ab Ch\u00e2teau de Riverie \u00bb et peut entra\u00eener des frais suppl\u00e9mentaires.<br \/>Nous vous informons qu&#8217;en cas d&#8217;annulation de la r\u00e9servation avant le d\u00e9but du s\u00e9jour, il sera d\u00fb, \u00e0 titre de clause p\u00e9nale par le client, une indemnit\u00e9 fix\u00e9e de la fa\u00e7on suivante :<br \/>\u2013 si l&#8217;annulation intervient plus de 30 jours avant la date d&#8217;arriv\u00e9e, l&#8217;acompte sera rembours\u00e9, veuillez noter que toutefois des frais de gestions seront pr\u00e9lev\u00e9s.\u00a0<br \/>\u2013 si l&#8217;annulation intervient moins de 30 jours avant la date d&#8217;arriv\u00e9e, la totalit\u00e9 de l\u2019acompte restera acquise \u00e0 \u00ab Ch\u00e2teau de Riverie \u00bb.<br \/>En cas de d\u00e9part anticip\u00e9 en cours de s\u00e9jour : r\u00e8glement total de la prestation r\u00e9serv\u00e9e.<br \/>\u00a0<br \/><b>Article 5 &#8211; Assurance annulation<\/b><br \/>Nous attirons votre attention sur le fait qu&#8217;aucune assurance annulation n&#8217;est incluse dans nos tarifs. Il est par cons\u00e9quent vivement recommand\u00e9 d&#8217;en souscrire une.<br \/>\u00a0<br \/><b>Article 6 &#8211; Annulation du s\u00e9jour par le propri\u00e9taire<\/b><br \/>En cas de force majeure, le propri\u00e9taire peut \u00eatre amen\u00e9 \u00e0 annuler le s\u00e9jour. Tous les moyens seront alors mis en \u0153uvre pour en informer le demandeur. Les sommes per\u00e7ues seront rembours\u00e9es dans les meilleurs d\u00e9lais. Une solution d&#8217;h\u00e9bergement de remplacement proche de la r\u00e9sidence pourra \u00eatre propos\u00e9e. <br \/>\u00a0<br \/><b>Article 7 &#8211; Heure d&#8217;arriv\u00e9e<\/b><br \/>Le client doit se pr\u00e9senter le jour pr\u00e9cis\u00e9 lors de sa r\u00e9servation, \u00e0 partir de 17 h30 (heure de disponibilit\u00e9 des chambres) et avant 20 heures. Le client pr\u00e9viendra imp\u00e9rativement en cas d&#8217;arriv\u00e9e en dehors de cette plage horaire.<br \/>\u00a0<br \/>A<b>rticle 8 &#8211; Heure de d\u00e9part<\/b><br \/>L&#8217;heure de d\u00e9part des chambres est fix\u00e9e \u00e0 10 heures au plus tard.<\/p>\n<p><strong>Article 9 &#8211; Taxe de s\u00e9jour<\/strong><br \/>La taxe de s\u00e9jour est un imp\u00f4t local que le client doit acquitter aupr\u00e8s du propri\u00e9taire qui la reverse ensuite \u00e0 la Communaut\u00e9 de communes du Pays Mornantais.<\/p>\n<p><b>Article <\/b><b>10 <\/b><b>&#8211; R\u00e8glement du solde de l&#8217;h\u00e9bergement<\/b><br \/>Le solde du s\u00e9jour ainsi que la taxe de s\u00e9jour sont \u00e0 r\u00e9gler en fin de s\u00e9jour,<br \/>\u00a0<br \/><b>Article 1<\/b><b>1<\/b><b> &#8211; Utilisation des lieux<\/b><br \/>Afin de garantir la qui\u00e9tude des lieux et le confort des h\u00f4tes de \u00ab\u00a0Ch\u00e2teau de Riverie\u00a0\u00bb, le respect d&#8217;un certain \u00ab art de vivre \u00bb est exig\u00e9 de tous. Il est notamment demand\u00e9 de ne pas fumer \u00e0 l&#8217;int\u00e9rieur des chambres et des espaces communs.<br \/>\u00a0<br \/>Le client s&#8217;engage \u00e0 rendre les chambres en parfait \u00e9tat \u00e0 la fin du s\u00e9jour et \u00e0 d\u00e9clarer syst\u00e9matiquement \u2013 et \u00e0 assumer financi\u00e8rement \u2013 toute d\u00e9gradation dont il serait responsable.<br \/><br \/>L&#8217;attention des h\u00f4tes est attir\u00e9e sur le fait que les mineurs \u00e9voluant sur la propri\u00e9t\u00e9 sont plac\u00e9s sous l&#8217;unique et enti\u00e8re responsabilit\u00e9 de leurs parents ou des personnes ayant autorit\u00e9 sur eux.<br \/><br \/>Pour la tranquillit\u00e9 de tous, le client s&#8217;engage \u00e0 respecter le silence de 22h00 \u00e0 08h00.<br \/><br \/>Le \u00ab Ch\u00e2teau de Riverie \u00bb n&#8217;acceptera aucune responsabilit\u00e9 en cas de perte, de vol et\/ou de dommages ou de blessures caus\u00e9s aux biens et\/ou aux personnes se trouvant sur la propri\u00e9t\u00e9, et ce quelle qu&#8217;en soit la cause.<br \/><br \/>Il n&#8217;est pas possible de manger dans les chambres.<\/p>\n<p>Le Ch\u00e2teau de Riverie propose aux invit\u00e9s le repas du midi et du soir dans le salon ou dans jardin.\u00a0 Vous devez pr\u00e9venir les propri\u00e9taires\u00a0 pour toute allergie ou intol\u00e9rance alimentaire.\u00a0 Le Ch\u00e2teau de Riverie n&#8217;acceptera aucune responsabilit\u00e9 en cas d&#8217;allergie ou d&#8217;intol\u00e9rance alimentaire d&#8217;une personne ayant mang\u00e9e au Ch\u00e2teau.<br \/><br \/><b>Article 1<\/b><b>2<\/b><b> \u2013 Capacit\u00e9 d&#8217;h\u00e9bergement<\/b><br \/>Le nombre de personnes ne pourra sous aucun pr\u00e9texte d\u00e9passer la capacit\u00e9 d&#8217;accueil maximum indiqu\u00e9e par chambre. Le propri\u00e9taire pourra refuser les personnes suppl\u00e9mentaires sans accord \u00e9crit pr\u00e9alable. Aucun remboursement ne sera alors envisag\u00e9.<br \/><br \/><b>Article 1<\/b><b>3<\/b><b> \u2013 Animaux<\/b><br \/>Les animaux domestiques\u00a0 sont\u00a0 accept\u00e9s, un par chambre ( 35 eur pour un chien et pour une nuit ). Toutefois nous exigeons qu&#8217;on soit avertis en avance si vous venez avec votre toutou\u00a0 afin de mieux pr\u00e9parer son arriv\u00e9e .\u00a0 En cas de non respect par le client, le propri\u00e9taire pourra rompre le pr\u00e9sent contrat, le co\u00fbt de l&#8217;h\u00e9bergement restant acquis au propri\u00e9taire.<\/p>\n<p><br \/><b>Article 1<\/b><b>4<\/b><b> &#8211; Loi informatique et libert\u00e9<\/b><br \/>Conform\u00e9ment \u00e0 la loi n\u00b0 78-17 du 6 janvier 1978 relative \u00e0 l&#8217;informatique, aux fichiers et aux libert\u00e9s, vous b\u00e9n\u00e9ficiez d&#8217;un droit d&#8217;acc\u00e8s et de rectification aux donn\u00e9es vous concernant. Nous nous engageons \u00e0 ne transmettre en aucun cas les informations que vous nous avez communiqu\u00e9es \u00e0 d&#8217;autres soci\u00e9t\u00e9s ou organismes.<\/p>\n","protected":false},"excerpt":{"rendered":"<p>Article 1 &#8211; ObjetCe contrat est destin\u00e9 \u00e0 l&#8217;usage exclusif de la r\u00e9servation de s\u00e9jours en chambres d&#8217;h\u00f4tes. Le meilleur accueil sera r\u00e9serv\u00e9 \u00e0 nos h\u00f4tes. Le propri\u00e9taire s&#8217;engage \u00e0 assurer personnellement l&#8217;accueil des vacanciers avec toutes les attentions souhaitables permettant de faciliter leur s\u00e9jour et la connaissance de la[&#8230;]<\/p>\n","protected":false},"author":1,"featured_media":0,"parent":696,"menu_order":0,"comment_status":"open","ping_status":"open","template":"template-full.php","meta":[],"yoast_head":"<!-- This site is optimized with the Yoast SEO plugin v20.8 - https:\/\/yoast.com\/wordpress\/plugins\/seo\/ -->\n<title>Conditions g\u00e9n\u00e9rales de vente - Chambres d&#039;hotes 69 - Pr\u00e8s de Lyon<\/title>\n<meta name=\"robots\" content=\"index, nofollow, max-snippet:-1, max-image-preview:large, max-video-preview:-1\" \/>\n<link rel=\"canonical\" href=\"https:\/\/www.chateau-de-riverie.fr\/en\/informations-pratiques\/conditions-generales-vente\/\" \/>\n<meta property=\"og:locale\" content=\"en_US\" \/>\n<meta property=\"og:type\" content=\"article\" \/>\n<meta property=\"og:title\" content=\"Conditions g\u00e9n\u00e9rales de vente - Chambres d&#039;hotes 69 - Pr\u00e8s de Lyon\" \/>\n<meta property=\"og:description\" content=\"Article 1 &#8211; ObjetCe contrat est destin\u00e9 \u00e0 l&#8217;usage exclusif de la r\u00e9servation de s\u00e9jours en chambres d&#8217;h\u00f4tes. Le meilleur accueil sera r\u00e9serv\u00e9 \u00e0 nos h\u00f4tes. Le propri\u00e9taire s&#8217;engage \u00e0 assurer personnellement l&#8217;accueil des vacanciers avec toutes les attentions souhaitables permettant de faciliter leur s\u00e9jour et la connaissance de la[...]\" \/>\n<meta property=\"og:url\" content=\"https:\/\/www.chateau-de-riverie.fr\/en\/informations-pratiques\/conditions-generales-vente\/\" \/>\n<meta property=\"og:site_name\" content=\"Chambres d&#039;hotes 69 - Pr\u00e8s de Lyon\" \/>\n<meta property=\"article:publisher\" content=\"https:\/\/www.facebook.com\/chateauderiverie\" \/>\n<meta property=\"article:modified_time\" content=\"2024-03-24T18:36:53+00:00\" \/>\n<meta name=\"twitter:card\" content=\"summary_large_image\" \/>\n<meta name=\"twitter:label1\" content=\"Est. reading time\" \/>\n\t<meta name=\"twitter:data1\" content=\"5 minutes\" \/>\n<script type=\"application\/ld+json\" class=\"yoast-schema-graph\">{\"@context\":\"https:\/\/schema.org\",\"@graph\":[{\"@type\":\"WebPage\",\"@id\":\"https:\/\/www.chateau-de-riverie.fr\/en\/informations-pratiques\/conditions-generales-vente\/\",\"url\":\"https:\/\/www.chateau-de-riverie.fr\/en\/informations-pratiques\/conditions-generales-vente\/\",\"name\":\"Conditions g\u00e9n\u00e9rales de vente - Chambres d&#039;hotes 69 - Pr\u00e8s de Lyon\",\"isPartOf\":{\"@id\":\"https:\/\/www.chateau-de-riverie.fr\/en\/#website\"},\"datePublished\":\"2015-01-19T18:18:18+00:00\",\"dateModified\":\"2024-03-24T18:36:53+00:00\",\"breadcrumb\":{\"@id\":\"https:\/\/www.chateau-de-riverie.fr\/en\/informations-pratiques\/conditions-generales-vente\/#breadcrumb\"},\"inLanguage\":\"en-US\",\"potentialAction\":[{\"@type\":\"ReadAction\",\"target\":[\"https:\/\/www.chateau-de-riverie.fr\/en\/informations-pratiques\/conditions-generales-vente\/\"]}]},{\"@type\":\"BreadcrumbList\",\"@id\":\"https:\/\/www.chateau-de-riverie.fr\/en\/informations-pratiques\/conditions-generales-vente\/#breadcrumb\",\"itemListElement\":[{\"@type\":\"ListItem\",\"position\":1,\"name\":\"Accueil\",\"item\":\"https:\/\/www.chateau-de-riverie.fr\/en\/\"},{\"@type\":\"ListItem\",\"position\":2,\"name\":\"INFORMATIONS\",\"item\":\"https:\/\/www.chateau-de-riverie.fr\/en\/informations-pratiques\/\"},{\"@type\":\"ListItem\",\"position\":3,\"name\":\"Conditions g\u00e9n\u00e9rales de vente\"}]},{\"@type\":\"WebSite\",\"@id\":\"https:\/\/www.chateau-de-riverie.fr\/en\/#website\",\"url\":\"https:\/\/www.chateau-de-riverie.fr\/en\/\",\"name\":\"Chambres d'hotes 69 - Pr\u00e8s de Lyon\",\"description\":\"Maison d&#039;hote a Riverie - Rhone-Alpes\",\"publisher\":{\"@id\":\"https:\/\/www.chateau-de-riverie.fr\/en\/#organization\"},\"potentialAction\":[{\"@type\":\"SearchAction\",\"target\":{\"@type\":\"EntryPoint\",\"urlTemplate\":\"https:\/\/www.chateau-de-riverie.fr\/en\/?s={search_term_string}\"},\"query-input\":\"required name=search_term_string\"}],\"inLanguage\":\"en-US\"},{\"@type\":\"Organization\",\"@id\":\"https:\/\/www.chateau-de-riverie.fr\/en\/#organization\",\"name\":\"Ch\u00e2teau de Riverie\",\"url\":\"https:\/\/www.chateau-de-riverie.fr\/en\/\",\"logo\":{\"@type\":\"ImageObject\",\"inLanguage\":\"en-US\",\"@id\":\"https:\/\/www.chateau-de-riverie.fr\/en\/#\/schema\/logo\/image\/\",\"url\":\"https:\/\/www.chateau-de-riverie.fr\/wp-content\/uploads\/2013\/09\/chambre_hote_chateau_de_riverie_EN_CONSTRUCTION2.jpg\",\"contentUrl\":\"https:\/\/www.chateau-de-riverie.fr\/wp-content\/uploads\/2013\/09\/chambre_hote_chateau_de_riverie_EN_CONSTRUCTION2.jpg\",\"width\":1920,\"height\":800,\"caption\":\"Ch\u00e2teau de Riverie\"},\"image\":{\"@id\":\"https:\/\/www.chateau-de-riverie.fr\/en\/#\/schema\/logo\/image\/\"},\"sameAs\":[\"https:\/\/www.facebook.com\/chateauderiverie\",\"https:\/\/www.instagram.com\/chateau_de_riverie\/\"]}]}<\/script>\n<!-- \/ Yoast SEO plugin. -->","yoast_head_json":{"title":"Conditions g\u00e9n\u00e9rales de vente - Chambres d&#039;hotes 69 - Pr\u00e8s de Lyon","robots":{"index":"index","follow":"nofollow","max-snippet":"max-snippet:-1","max-image-preview":"max-image-preview:large","max-video-preview":"max-video-preview:-1"},"canonical":"https:\/\/www.chateau-de-riverie.fr\/en\/informations-pratiques\/conditions-generales-vente\/","og_locale":"en_US","og_type":"article","og_title":"Conditions g\u00e9n\u00e9rales de vente - Chambres d&#039;hotes 69 - Pr\u00e8s de Lyon","og_description":"Article 1 &#8211; ObjetCe contrat est destin\u00e9 \u00e0 l&#8217;usage exclusif de la r\u00e9servation de s\u00e9jours en chambres d&#8217;h\u00f4tes. Le meilleur accueil sera r\u00e9serv\u00e9 \u00e0 nos h\u00f4tes. Le propri\u00e9taire s&#8217;engage \u00e0 assurer personnellement l&#8217;accueil des vacanciers avec toutes les attentions souhaitables permettant de faciliter leur s\u00e9jour et la connaissance de la[...]","og_url":"https:\/\/www.chateau-de-riverie.fr\/en\/informations-pratiques\/conditions-generales-vente\/","og_site_name":"Chambres d&#039;hotes 69 - Pr\u00e8s de Lyon","article_publisher":"https:\/\/www.facebook.com\/chateauderiverie","article_modified_time":"2024-03-24T18:36:53+00:00","twitter_card":"summary_large_image","twitter_misc":{"Est. reading time":"5 minutes"},"schema":{"@context":"https:\/\/schema.org","@graph":[{"@type":"WebPage","@id":"https:\/\/www.chateau-de-riverie.fr\/en\/informations-pratiques\/conditions-generales-vente\/","url":"https:\/\/www.chateau-de-riverie.fr\/en\/informations-pratiques\/conditions-generales-vente\/","name":"Conditions g\u00e9n\u00e9rales de vente - Chambres d&#039;hotes 69 - Pr\u00e8s de Lyon","isPartOf":{"@id":"https:\/\/www.chateau-de-riverie.fr\/en\/#website"},"datePublished":"2015-01-19T18:18:18+00:00","dateModified":"2024-03-24T18:36:53+00:00","breadcrumb":{"@id":"https:\/\/www.chateau-de-riverie.fr\/en\/informations-pratiques\/conditions-generales-vente\/#breadcrumb"},"inLanguage":"en-US","potentialAction":[{"@type":"ReadAction","target":["https:\/\/www.chateau-de-riverie.fr\/en\/informations-pratiques\/conditions-generales-vente\/"]}]},{"@type":"BreadcrumbList","@id":"https:\/\/www.chateau-de-riverie.fr\/en\/informations-pratiques\/conditions-generales-vente\/#breadcrumb","itemListElement":[{"@type":"ListItem","position":1,"name":"Accueil","item":"https:\/\/www.chateau-de-riverie.fr\/en\/"},{"@type":"ListItem","position":2,"name":"INFORMATIONS","item":"https:\/\/www.chateau-de-riverie.fr\/en\/informations-pratiques\/"},{"@type":"ListItem","position":3,"name":"Conditions g\u00e9n\u00e9rales de vente"}]},{"@type":"WebSite","@id":"https:\/\/www.chateau-de-riverie.fr\/en\/#website","url":"https:\/\/www.chateau-de-riverie.fr\/en\/","name":"Chambres d'hotes 69 - Pr\u00e8s de Lyon","description":"Maison d&#039;hote a Riverie - Rhone-Alpes","publisher":{"@id":"https:\/\/www.chateau-de-riverie.fr\/en\/#organization"},"potentialAction":[{"@type":"SearchAction","target":{"@type":"EntryPoint","urlTemplate":"https:\/\/www.chateau-de-riverie.fr\/en\/?s={search_term_string}"},"query-input":"required name=search_term_string"}],"inLanguage":"en-US"},{"@type":"Organization","@id":"https:\/\/www.chateau-de-riverie.fr\/en\/#organization","name":"Ch\u00e2teau de Riverie","url":"https:\/\/www.chateau-de-riverie.fr\/en\/","logo":{"@type":"ImageObject","inLanguage":"en-US","@id":"https:\/\/www.chateau-de-riverie.fr\/en\/#\/schema\/logo\/image\/","url":"https:\/\/www.chateau-de-riverie.fr\/wp-content\/uploads\/2013\/09\/chambre_hote_chateau_de_riverie_EN_CONSTRUCTION2.jpg","contentUrl":"https:\/\/www.chateau-de-riverie.fr\/wp-content\/uploads\/2013\/09\/chambre_hote_chateau_de_riverie_EN_CONSTRUCTION2.jpg","width":1920,"height":800,"caption":"Ch\u00e2teau de Riverie"},"image":{"@id":"https:\/\/www.chateau-de-riverie.fr\/en\/#\/schema\/logo\/image\/"},"sameAs":["https:\/\/www.facebook.com\/chateauderiverie","https:\/\/www.instagram.com\/chateau_de_riverie\/"]}]}},"_links":{"self":[{"href":"https:\/\/www.chateau-de-riverie.fr\/en\/wp-json\/wp\/v2\/pages\/792"}],"collection":[{"href":"https:\/\/www.chateau-de-riverie.fr\/en\/wp-json\/wp\/v2\/pages"}],"about":[{"href":"https:\/\/www.chateau-de-riverie.fr\/en\/wp-json\/wp\/v2\/types\/page"}],"author":[{"embeddable":true,"href":"https:\/\/www.chateau-de-riverie.fr\/en\/wp-json\/wp\/v2\/users\/1"}],"replies":[{"embeddable":true,"href":"https:\/\/www.chateau-de-riverie.fr\/en\/wp-json\/wp\/v2\/comments?post=792"}],"version-history":[{"count":2,"href":"https:\/\/www.chateau-de-riverie.fr\/en\/wp-json\/wp\/v2\/pages\/792\/revisions"}],"predecessor-version":[{"id":4390,"href":"https:\/\/www.chateau-de-riverie.fr\/en\/wp-json\/wp\/v2\/pages\/792\/revisions\/4390"}],"up":[{"embeddable":true,"href":"https:\/\/www.chateau-de-riverie.fr\/en\/wp-json\/wp\/v2\/pages\/696"}],"wp:attachment":[{"href":"https:\/\/www.chateau-de-riverie.fr\/en\/wp-json\/wp\/v2\/media?parent=792"}],"curies":[{"name":"wp","href":"https:\/\/api.w.org\/{rel}","templated":true}]}}