{"id":787,"date":"2015-01-19T18:58:49","date_gmt":"2015-01-19T17:58:49","guid":{"rendered":"http:\/\/www.chateau-de-riverie.fr\/?page_id=787"},"modified":"2019-05-25T12:03:35","modified_gmt":"2019-05-25T11:03:35","slug":"localisation","status":"publish","type":"page","link":"https:\/\/www.chateau-de-riverie.fr\/en\/informations-pratiques\/localisation\/","title":{"rendered":"Comment venir ?"},"content":{"rendered":"<p><span style=\"font-size: 14px;\">]<a title=\"Plan d'acc\u00e8s\" href=\"https:\/\/www.chateau-de-riverie.fr\/\/wp-content\/uploads\/2014\/02\/Plan-dacc%C3%A8s.pdf\" target=\"_blank\" rel=\"noopener noreferrer\">T\u00e9l\u00e9charger le plan d&#8217;acc\u00e8s<\/a><\/span><\/p>\n<p><span style=\"font-size: 14px;\">En arrivant dans le village de Riverie, prendre la rue &#8220;Interdit sauf Riverains et desserte &#8221; qui indique la direction : mairie, \u00e9glise, ch\u00e2teau. Monter tout en haut du village, lorsque vous arrivez devant l&#8217;\u00e9glise, en regardant sur la droite, vous apercevez une cour avec une maison aux menuiseries de couleur violette. Sur la fa\u00e7ade se trouve le panneau &#8220;Gites de France&#8221;. Vous approchez et apercevez une porte : c&#8217;est ici, vous serez les bienvenus.<\/span><\/p>\n<p><span style=\"font-size: 14px;\">Parking sur place.<\/span><\/p>\n<p><span style=\"font-size: 14px;\">Coordonn\u00e9es GPS :<\/span><br \/>\n<span style=\"font-size: 14px;\"> Latitude :\u00a0\u00a0 45.599274<\/span><br \/>\n<span style=\"font-size: 14px;\"> Longitude : 4.588442<\/span><span id=\"result_box\" class=\"\" lang=\"en\"><\/span><\/p>\n","protected":false},"excerpt":{"rendered":"<p>]T\u00e9l\u00e9charger le plan d&#8217;acc\u00e8s En arrivant dans le village de Riverie, prendre la rue &#8220;Interdit sauf Riverains et desserte &#8221; qui indique la direction : mairie, \u00e9glise, ch\u00e2teau. Monter tout en haut du village, lorsque vous arrivez devant l&#8217;\u00e9glise, en regardant sur la droite, vous apercevez une cour avec une[&#8230;]<\/p>\n","protected":false},"author":1,"featured_media":0,"parent":696,"menu_order":0,"comment_status":"open","ping_status":"open","template":"template-full.php","meta":[],"yoast_head":"<!-- This site is optimized with the Yoast SEO plugin v20.8 - https:\/\/yoast.com\/wordpress\/plugins\/seo\/ -->\n<title>Comment venir ? - Chambres d&#039;hotes 69 - Pr\u00e8s de Lyon<\/title>\n<meta name=\"robots\" content=\"index, follow, max-snippet:-1, max-image-preview:large, max-video-preview:-1\" \/>\n<link rel=\"canonical\" href=\"https:\/\/www.chateau-de-riverie.fr\/en\/informations-pratiques\/localisation\/\" \/>\n<meta property=\"og:locale\" content=\"en_US\" \/>\n<meta property=\"og:type\" content=\"article\" \/>\n<meta property=\"og:title\" content=\"Comment venir ? - Chambres d&#039;hotes 69 - Pr\u00e8s de Lyon\" \/>\n<meta property=\"og:description\" content=\"]T\u00e9l\u00e9charger le plan d&#8217;acc\u00e8s En arrivant dans le village de Riverie, prendre la rue &#8220;Interdit sauf Riverains et desserte &#8221; qui indique la direction : mairie, \u00e9glise, ch\u00e2teau. Monter tout en haut du village, lorsque vous arrivez devant l&#8217;\u00e9glise, en regardant sur la droite, vous apercevez une cour avec une[...]\" \/>\n<meta property=\"og:url\" content=\"https:\/\/www.chateau-de-riverie.fr\/en\/informations-pratiques\/localisation\/\" \/>\n<meta property=\"og:site_name\" content=\"Chambres d&#039;hotes 69 - Pr\u00e8s de Lyon\" \/>\n<meta property=\"article:publisher\" content=\"https:\/\/www.facebook.com\/chateauderiverie\" \/>\n<meta property=\"article:modified_time\" content=\"2019-05-25T11:03:35+00:00\" \/>\n<meta name=\"twitter:card\" content=\"summary_large_image\" \/>\n<script type=\"application\/ld+json\" class=\"yoast-schema-graph\">{\"@context\":\"https:\/\/schema.org\",\"@graph\":[{\"@type\":\"WebPage\",\"@id\":\"https:\/\/www.chateau-de-riverie.fr\/en\/informations-pratiques\/localisation\/\",\"url\":\"https:\/\/www.chateau-de-riverie.fr\/en\/informations-pratiques\/localisation\/\",\"name\":\"Comment venir ? - Chambres d&#039;hotes 69 - Pr\u00e8s de Lyon\",\"isPartOf\":{\"@id\":\"https:\/\/www.chateau-de-riverie.fr\/en\/#website\"},\"datePublished\":\"2015-01-19T17:58:49+00:00\",\"dateModified\":\"2019-05-25T11:03:35+00:00\",\"breadcrumb\":{\"@id\":\"https:\/\/www.chateau-de-riverie.fr\/en\/informations-pratiques\/localisation\/#breadcrumb\"},\"inLanguage\":\"en-US\",\"potentialAction\":[{\"@type\":\"ReadAction\",\"target\":[\"https:\/\/www.chateau-de-riverie.fr\/en\/informations-pratiques\/localisation\/\"]}]},{\"@type\":\"BreadcrumbList\",\"@id\":\"https:\/\/www.chateau-de-riverie.fr\/en\/informations-pratiques\/localisation\/#breadcrumb\",\"itemListElement\":[{\"@type\":\"ListItem\",\"position\":1,\"name\":\"Accueil\",\"item\":\"https:\/\/www.chateau-de-riverie.fr\/en\/\"},{\"@type\":\"ListItem\",\"position\":2,\"name\":\"INFORMATIONS\",\"item\":\"https:\/\/www.chateau-de-riverie.fr\/en\/informations-pratiques\/\"},{\"@type\":\"ListItem\",\"position\":3,\"name\":\"Comment venir ?\"}]},{\"@type\":\"WebSite\",\"@id\":\"https:\/\/www.chateau-de-riverie.fr\/en\/#website\",\"url\":\"https:\/\/www.chateau-de-riverie.fr\/en\/\",\"name\":\"Chambres d'hotes 69 - Pr\u00e8s de Lyon\",\"description\":\"Maison d&#039;hote a Riverie - Rhone-Alpes\",\"publisher\":{\"@id\":\"https:\/\/www.chateau-de-riverie.fr\/en\/#organization\"},\"potentialAction\":[{\"@type\":\"SearchAction\",\"target\":{\"@type\":\"EntryPoint\",\"urlTemplate\":\"https:\/\/www.chateau-de-riverie.fr\/en\/?s={search_term_string}\"},\"query-input\":\"required name=search_term_string\"}],\"inLanguage\":\"en-US\"},{\"@type\":\"Organization\",\"@id\":\"https:\/\/www.chateau-de-riverie.fr\/en\/#organization\",\"name\":\"Ch\u00e2teau de Riverie\",\"url\":\"https:\/\/www.chateau-de-riverie.fr\/en\/\",\"logo\":{\"@type\":\"ImageObject\",\"inLanguage\":\"en-US\",\"@id\":\"https:\/\/www.chateau-de-riverie.fr\/en\/#\/schema\/logo\/image\/\",\"url\":\"https:\/\/www.chateau-de-riverie.fr\/wp-content\/uploads\/2013\/09\/chambre_hote_chateau_de_riverie_EN_CONSTRUCTION2.jpg\",\"contentUrl\":\"https:\/\/www.chateau-de-riverie.fr\/wp-content\/uploads\/2013\/09\/chambre_hote_chateau_de_riverie_EN_CONSTRUCTION2.jpg\",\"width\":1920,\"height\":800,\"caption\":\"Ch\u00e2teau de Riverie\"},\"image\":{\"@id\":\"https:\/\/www.chateau-de-riverie.fr\/en\/#\/schema\/logo\/image\/\"},\"sameAs\":[\"https:\/\/www.facebook.com\/chateauderiverie\",\"https:\/\/www.instagram.com\/chateau_de_riverie\/\"]}]}<\/script>\n<!-- \/ Yoast SEO plugin. -->","yoast_head_json":{"title":"Comment venir ? - Chambres d&#039;hotes 69 - Pr\u00e8s de Lyon","robots":{"index":"index","follow":"follow","max-snippet":"max-snippet:-1","max-image-preview":"max-image-preview:large","max-video-preview":"max-video-preview:-1"},"canonical":"https:\/\/www.chateau-de-riverie.fr\/en\/informations-pratiques\/localisation\/","og_locale":"en_US","og_type":"article","og_title":"Comment venir ? - Chambres d&#039;hotes 69 - Pr\u00e8s de Lyon","og_description":"]T\u00e9l\u00e9charger le plan d&#8217;acc\u00e8s En arrivant dans le village de Riverie, prendre la rue &#8220;Interdit sauf Riverains et desserte &#8221; qui indique la direction : mairie, \u00e9glise, ch\u00e2teau. Monter tout en haut du village, lorsque vous arrivez devant l&#8217;\u00e9glise, en regardant sur la droite, vous apercevez une cour avec une[...]","og_url":"https:\/\/www.chateau-de-riverie.fr\/en\/informations-pratiques\/localisation\/","og_site_name":"Chambres d&#039;hotes 69 - Pr\u00e8s de Lyon","article_publisher":"https:\/\/www.facebook.com\/chateauderiverie","article_modified_time":"2019-05-25T11:03:35+00:00","twitter_card":"summary_large_image","schema":{"@context":"https:\/\/schema.org","@graph":[{"@type":"WebPage","@id":"https:\/\/www.chateau-de-riverie.fr\/en\/informations-pratiques\/localisation\/","url":"https:\/\/www.chateau-de-riverie.fr\/en\/informations-pratiques\/localisation\/","name":"Comment venir ? - Chambres d&#039;hotes 69 - Pr\u00e8s de Lyon","isPartOf":{"@id":"https:\/\/www.chateau-de-riverie.fr\/en\/#website"},"datePublished":"2015-01-19T17:58:49+00:00","dateModified":"2019-05-25T11:03:35+00:00","breadcrumb":{"@id":"https:\/\/www.chateau-de-riverie.fr\/en\/informations-pratiques\/localisation\/#breadcrumb"},"inLanguage":"en-US","potentialAction":[{"@type":"ReadAction","target":["https:\/\/www.chateau-de-riverie.fr\/en\/informations-pratiques\/localisation\/"]}]},{"@type":"BreadcrumbList","@id":"https:\/\/www.chateau-de-riverie.fr\/en\/informations-pratiques\/localisation\/#breadcrumb","itemListElement":[{"@type":"ListItem","position":1,"name":"Accueil","item":"https:\/\/www.chateau-de-riverie.fr\/en\/"},{"@type":"ListItem","position":2,"name":"INFORMATIONS","item":"https:\/\/www.chateau-de-riverie.fr\/en\/informations-pratiques\/"},{"@type":"ListItem","position":3,"name":"Comment venir ?"}]},{"@type":"WebSite","@id":"https:\/\/www.chateau-de-riverie.fr\/en\/#website","url":"https:\/\/www.chateau-de-riverie.fr\/en\/","name":"Chambres d'hotes 69 - Pr\u00e8s de Lyon","description":"Maison d&#039;hote a Riverie - Rhone-Alpes","publisher":{"@id":"https:\/\/www.chateau-de-riverie.fr\/en\/#organization"},"potentialAction":[{"@type":"SearchAction","target":{"@type":"EntryPoint","urlTemplate":"https:\/\/www.chateau-de-riverie.fr\/en\/?s={search_term_string}"},"query-input":"required name=search_term_string"}],"inLanguage":"en-US"},{"@type":"Organization","@id":"https:\/\/www.chateau-de-riverie.fr\/en\/#organization","name":"Ch\u00e2teau de Riverie","url":"https:\/\/www.chateau-de-riverie.fr\/en\/","logo":{"@type":"ImageObject","inLanguage":"en-US","@id":"https:\/\/www.chateau-de-riverie.fr\/en\/#\/schema\/logo\/image\/","url":"https:\/\/www.chateau-de-riverie.fr\/wp-content\/uploads\/2013\/09\/chambre_hote_chateau_de_riverie_EN_CONSTRUCTION2.jpg","contentUrl":"https:\/\/www.chateau-de-riverie.fr\/wp-content\/uploads\/2013\/09\/chambre_hote_chateau_de_riverie_EN_CONSTRUCTION2.jpg","width":1920,"height":800,"caption":"Ch\u00e2teau de Riverie"},"image":{"@id":"https:\/\/www.chateau-de-riverie.fr\/en\/#\/schema\/logo\/image\/"},"sameAs":["https:\/\/www.facebook.com\/chateauderiverie","https:\/\/www.instagram.com\/chateau_de_riverie\/"]}]}},"_links":{"self":[{"href":"https:\/\/www.chateau-de-riverie.fr\/en\/wp-json\/wp\/v2\/pages\/787"}],"collection":[{"href":"https:\/\/www.chateau-de-riverie.fr\/en\/wp-json\/wp\/v2\/pages"}],"about":[{"href":"https:\/\/www.chateau-de-riverie.fr\/en\/wp-json\/wp\/v2\/types\/page"}],"author":[{"embeddable":true,"href":"https:\/\/www.chateau-de-riverie.fr\/en\/wp-json\/wp\/v2\/users\/1"}],"replies":[{"embeddable":true,"href":"https:\/\/www.chateau-de-riverie.fr\/en\/wp-json\/wp\/v2\/comments?post=787"}],"version-history":[{"count":0,"href":"https:\/\/www.chateau-de-riverie.fr\/en\/wp-json\/wp\/v2\/pages\/787\/revisions"}],"up":[{"embeddable":true,"href":"https:\/\/www.chateau-de-riverie.fr\/en\/wp-json\/wp\/v2\/pages\/696"}],"wp:attachment":[{"href":"https:\/\/www.chateau-de-riverie.fr\/en\/wp-json\/wp\/v2\/media?parent=787"}],"curies":[{"name":"wp","href":"https:\/\/api.w.org\/{rel}","templated":true}]}}