{"id":696,"date":"2014-01-31T10:46:11","date_gmt":"2014-01-31T09:46:11","guid":{"rendered":"http:\/\/www.chateau-de-riverie.fr\/?page_id=696"},"modified":"2023-12-15T12:12:42","modified_gmt":"2023-12-15T11:12:42","slug":"informations-pratiques","status":"publish","type":"page","link":"https:\/\/www.chateau-de-riverie.fr\/en\/informations-pratiques\/","title":{"rendered":"INFORMATIONS"},"content":{"rendered":"<p>Maison et table d&#8217;h\u00f4tes &#8211; Chateau de Riverie<br \/>\nMorena et St\u00e9phane GARCIA<br \/>\n6 Impasse du Ch\u00e2teau<br \/>\n69440 RIVERIE<br \/>\n06 20 52 10 84<br \/>\nwww.chateau-de-riverie.fr<br \/>\ncontact@chateau-de-riverie.fr<\/p>\n<p>Capacit\u00e9 : 5 chambres &#8211; 10 personnes<br \/>\nOuvert toute l&#8217;ann\u00e9e<br \/>\nMode de r\u00e8glement : Esp\u00e8ces, CB, Ch\u00e8ques, Ch\u00e8ques vacances.<\/p>\n<p>Heure d&#8217;arriv\u00e9e : \u00e0 partir de 17 heures 30 jusqu&#8217;\u00e0 22 heures.<br \/>\nHeure de d\u00e9part : la chambre doit \u00eatre lib\u00e9r\u00e9e au plus tard \u00e0 10:00 sauf demande particuli\u00e8re.<\/p>\n<p>Nos amis les animaux sont accept\u00e9s (35 \u20ac pour un chien). Toutefois nous souhaitons \u00eatre avertis en avance si vous venez avec votre toutou.<\/p>\n<p>Voir <a href=\"https:\/\/www.chateau-de-riverie.fr\/informations-pratiques\/conditions-generales-vente\/\" target=\"_blank\" rel=\"noopener noreferrer\">les conditions g\u00e9n\u00e9rales de vente<\/a><\/p>\n<p>Ch\u00e2teau du XI\u00e8me si\u00e8cle au coeur d&#8217;un village m\u00e9di\u00e9val<br \/>\nParc arbor\u00e9 avec vue superbe.<\/p>\n<p>Grande pi\u00e8ce de jour (de 50 m2) est \u00e0 votre disposition. Elle comprend une chemin\u00e9e (dans laquelle est install\u00e9 un po\u00eale \u00e0\u00a0 bois), un coin-salon, et une grande table fermi\u00e8re o\u00f9 nous vous servirons les petits d\u00e9jeuners et repas en table d&#8217;h\u00f4tes.<br \/>\nTerrasse ombrag\u00e9e<\/p>\n<p>Connexion internet : RJ 45 ou WIFI<\/p>\n<p>GPS :<br \/>\nLatitude :\u00a0\u00a0 45.599274<br \/>\nLongitude : 4.588442<\/p>\n<p>En arrivant dans le village de Riverie, prendre la rue &#8220;Interdit sauf Riverains et livraisons &#8221; qui indique la direction : mairie, \u00e9glise, ch\u00e2teau. Monter tout en haut du village, lorsque vous arrivez devant l&#8217;\u00e9glise, en regardant sur la droite, vous apercevez une cour avec une maison aux volets violets. Sur la fa\u00e7ade se trouve le panneau &#8220;Gites de France&#8221;. Vous approchez et apercevez la porte d&#8217;entr\u00e9e : c&#8217;est ici, vous serez les bienvenus.<\/p>\n<p>Parking sur place.<\/p>\n<p><a title=\"Implantation dans Riverie\" href=\"https:\/\/www.chateau-de-riverie.fr\/wp-content\/uploads\/2014\/02\/Plan-dacc\u00e8s.pdf\" target=\"_blank\" rel=\"noopener noreferrer\">Plan d&#8217;acc\u00e8s<\/a><\/p>\n","protected":false},"excerpt":{"rendered":"<p>Maison et table d&#8217;h\u00f4tes &#8211; Chateau de Riverie Morena et St\u00e9phane GARCIA 6 Impasse du Ch\u00e2teau 69440 RIVERIE 06 20 52 10 84 www.chateau-de-riverie.fr contact@chateau-de-riverie.fr Capacit\u00e9 : 5 chambres &#8211; 10 personnes Ouvert toute l&#8217;ann\u00e9e Mode de r\u00e8glement : Esp\u00e8ces, CB, Ch\u00e8ques, Ch\u00e8ques vacances. Heure d&#8217;arriv\u00e9e : \u00e0 partir de[&#8230;]<\/p>\n","protected":false},"author":1,"featured_media":0,"parent":0,"menu_order":0,"comment_status":"open","ping_status":"open","template":"","meta":[],"yoast_head":"<!-- This site is optimized with the Yoast SEO plugin v20.8 - https:\/\/yoast.com\/wordpress\/plugins\/seo\/ -->\n<title>INFORMATIONS - Chambres d&#039;hotes 69 - Pr\u00e8s de Lyon<\/title>\n<meta name=\"robots\" content=\"index, follow, max-snippet:-1, max-image-preview:large, max-video-preview:-1\" \/>\n<link rel=\"canonical\" href=\"https:\/\/www.chateau-de-riverie.fr\/en\/informations-pratiques\/\" \/>\n<meta property=\"og:locale\" content=\"en_US\" \/>\n<meta property=\"og:type\" content=\"article\" \/>\n<meta property=\"og:title\" content=\"INFORMATIONS - Chambres d&#039;hotes 69 - Pr\u00e8s de Lyon\" \/>\n<meta property=\"og:description\" content=\"Maison et table d&#8217;h\u00f4tes &#8211; Chateau de Riverie Morena et St\u00e9phane GARCIA 6 Impasse du Ch\u00e2teau 69440 RIVERIE 06 20 52 10 84 www.chateau-de-riverie.fr contact@chateau-de-riverie.fr Capacit\u00e9 : 5 chambres &#8211; 10 personnes Ouvert toute l&#8217;ann\u00e9e Mode de r\u00e8glement : Esp\u00e8ces, CB, Ch\u00e8ques, Ch\u00e8ques vacances. Heure d&#8217;arriv\u00e9e : \u00e0 partir de[...]\" \/>\n<meta property=\"og:url\" content=\"https:\/\/www.chateau-de-riverie.fr\/en\/informations-pratiques\/\" \/>\n<meta property=\"og:site_name\" content=\"Chambres d&#039;hotes 69 - Pr\u00e8s de Lyon\" \/>\n<meta property=\"article:publisher\" content=\"https:\/\/www.facebook.com\/chateauderiverie\" \/>\n<meta property=\"article:modified_time\" content=\"2023-12-15T11:12:42+00:00\" \/>\n<meta name=\"twitter:card\" content=\"summary_large_image\" \/>\n<meta name=\"twitter:label1\" content=\"Est. reading time\" \/>\n\t<meta name=\"twitter:data1\" content=\"2 minutes\" \/>\n<script type=\"application\/ld+json\" class=\"yoast-schema-graph\">{\"@context\":\"https:\/\/schema.org\",\"@graph\":[{\"@type\":\"WebPage\",\"@id\":\"https:\/\/www.chateau-de-riverie.fr\/en\/informations-pratiques\/\",\"url\":\"https:\/\/www.chateau-de-riverie.fr\/en\/informations-pratiques\/\",\"name\":\"INFORMATIONS - Chambres d&#039;hotes 69 - Pr\u00e8s de Lyon\",\"isPartOf\":{\"@id\":\"https:\/\/www.chateau-de-riverie.fr\/en\/#website\"},\"datePublished\":\"2014-01-31T09:46:11+00:00\",\"dateModified\":\"2023-12-15T11:12:42+00:00\",\"breadcrumb\":{\"@id\":\"https:\/\/www.chateau-de-riverie.fr\/en\/informations-pratiques\/#breadcrumb\"},\"inLanguage\":\"en-US\",\"potentialAction\":[{\"@type\":\"ReadAction\",\"target\":[\"https:\/\/www.chateau-de-riverie.fr\/en\/informations-pratiques\/\"]}]},{\"@type\":\"BreadcrumbList\",\"@id\":\"https:\/\/www.chateau-de-riverie.fr\/en\/informations-pratiques\/#breadcrumb\",\"itemListElement\":[{\"@type\":\"ListItem\",\"position\":1,\"name\":\"Accueil\",\"item\":\"https:\/\/www.chateau-de-riverie.fr\/en\/\"},{\"@type\":\"ListItem\",\"position\":2,\"name\":\"INFORMATIONS\"}]},{\"@type\":\"WebSite\",\"@id\":\"https:\/\/www.chateau-de-riverie.fr\/en\/#website\",\"url\":\"https:\/\/www.chateau-de-riverie.fr\/en\/\",\"name\":\"Chambres d'hotes 69 - Pr\u00e8s de Lyon\",\"description\":\"Maison d&#039;hote a Riverie - Rhone-Alpes\",\"publisher\":{\"@id\":\"https:\/\/www.chateau-de-riverie.fr\/en\/#organization\"},\"potentialAction\":[{\"@type\":\"SearchAction\",\"target\":{\"@type\":\"EntryPoint\",\"urlTemplate\":\"https:\/\/www.chateau-de-riverie.fr\/en\/?s={search_term_string}\"},\"query-input\":\"required name=search_term_string\"}],\"inLanguage\":\"en-US\"},{\"@type\":\"Organization\",\"@id\":\"https:\/\/www.chateau-de-riverie.fr\/en\/#organization\",\"name\":\"Ch\u00e2teau de Riverie\",\"url\":\"https:\/\/www.chateau-de-riverie.fr\/en\/\",\"logo\":{\"@type\":\"ImageObject\",\"inLanguage\":\"en-US\",\"@id\":\"https:\/\/www.chateau-de-riverie.fr\/en\/#\/schema\/logo\/image\/\",\"url\":\"https:\/\/www.chateau-de-riverie.fr\/wp-content\/uploads\/2013\/09\/chambre_hote_chateau_de_riverie_EN_CONSTRUCTION2.jpg\",\"contentUrl\":\"https:\/\/www.chateau-de-riverie.fr\/wp-content\/uploads\/2013\/09\/chambre_hote_chateau_de_riverie_EN_CONSTRUCTION2.jpg\",\"width\":1920,\"height\":800,\"caption\":\"Ch\u00e2teau de Riverie\"},\"image\":{\"@id\":\"https:\/\/www.chateau-de-riverie.fr\/en\/#\/schema\/logo\/image\/\"},\"sameAs\":[\"https:\/\/www.facebook.com\/chateauderiverie\",\"https:\/\/www.instagram.com\/chateau_de_riverie\/\"]}]}<\/script>\n<!-- \/ Yoast SEO plugin. -->","yoast_head_json":{"title":"INFORMATIONS - Chambres d&#039;hotes 69 - Pr\u00e8s de Lyon","robots":{"index":"index","follow":"follow","max-snippet":"max-snippet:-1","max-image-preview":"max-image-preview:large","max-video-preview":"max-video-preview:-1"},"canonical":"https:\/\/www.chateau-de-riverie.fr\/en\/informations-pratiques\/","og_locale":"en_US","og_type":"article","og_title":"INFORMATIONS - Chambres d&#039;hotes 69 - Pr\u00e8s de Lyon","og_description":"Maison et table d&#8217;h\u00f4tes &#8211; Chateau de Riverie Morena et St\u00e9phane GARCIA 6 Impasse du Ch\u00e2teau 69440 RIVERIE 06 20 52 10 84 www.chateau-de-riverie.fr contact@chateau-de-riverie.fr Capacit\u00e9 : 5 chambres &#8211; 10 personnes Ouvert toute l&#8217;ann\u00e9e Mode de r\u00e8glement : Esp\u00e8ces, CB, Ch\u00e8ques, Ch\u00e8ques vacances. Heure d&#8217;arriv\u00e9e : \u00e0 partir de[...]","og_url":"https:\/\/www.chateau-de-riverie.fr\/en\/informations-pratiques\/","og_site_name":"Chambres d&#039;hotes 69 - Pr\u00e8s de Lyon","article_publisher":"https:\/\/www.facebook.com\/chateauderiverie","article_modified_time":"2023-12-15T11:12:42+00:00","twitter_card":"summary_large_image","twitter_misc":{"Est. reading time":"2 minutes"},"schema":{"@context":"https:\/\/schema.org","@graph":[{"@type":"WebPage","@id":"https:\/\/www.chateau-de-riverie.fr\/en\/informations-pratiques\/","url":"https:\/\/www.chateau-de-riverie.fr\/en\/informations-pratiques\/","name":"INFORMATIONS - Chambres d&#039;hotes 69 - Pr\u00e8s de Lyon","isPartOf":{"@id":"https:\/\/www.chateau-de-riverie.fr\/en\/#website"},"datePublished":"2014-01-31T09:46:11+00:00","dateModified":"2023-12-15T11:12:42+00:00","breadcrumb":{"@id":"https:\/\/www.chateau-de-riverie.fr\/en\/informations-pratiques\/#breadcrumb"},"inLanguage":"en-US","potentialAction":[{"@type":"ReadAction","target":["https:\/\/www.chateau-de-riverie.fr\/en\/informations-pratiques\/"]}]},{"@type":"BreadcrumbList","@id":"https:\/\/www.chateau-de-riverie.fr\/en\/informations-pratiques\/#breadcrumb","itemListElement":[{"@type":"ListItem","position":1,"name":"Accueil","item":"https:\/\/www.chateau-de-riverie.fr\/en\/"},{"@type":"ListItem","position":2,"name":"INFORMATIONS"}]},{"@type":"WebSite","@id":"https:\/\/www.chateau-de-riverie.fr\/en\/#website","url":"https:\/\/www.chateau-de-riverie.fr\/en\/","name":"Chambres d'hotes 69 - Pr\u00e8s de Lyon","description":"Maison d&#039;hote a Riverie - Rhone-Alpes","publisher":{"@id":"https:\/\/www.chateau-de-riverie.fr\/en\/#organization"},"potentialAction":[{"@type":"SearchAction","target":{"@type":"EntryPoint","urlTemplate":"https:\/\/www.chateau-de-riverie.fr\/en\/?s={search_term_string}"},"query-input":"required name=search_term_string"}],"inLanguage":"en-US"},{"@type":"Organization","@id":"https:\/\/www.chateau-de-riverie.fr\/en\/#organization","name":"Ch\u00e2teau de Riverie","url":"https:\/\/www.chateau-de-riverie.fr\/en\/","logo":{"@type":"ImageObject","inLanguage":"en-US","@id":"https:\/\/www.chateau-de-riverie.fr\/en\/#\/schema\/logo\/image\/","url":"https:\/\/www.chateau-de-riverie.fr\/wp-content\/uploads\/2013\/09\/chambre_hote_chateau_de_riverie_EN_CONSTRUCTION2.jpg","contentUrl":"https:\/\/www.chateau-de-riverie.fr\/wp-content\/uploads\/2013\/09\/chambre_hote_chateau_de_riverie_EN_CONSTRUCTION2.jpg","width":1920,"height":800,"caption":"Ch\u00e2teau de Riverie"},"image":{"@id":"https:\/\/www.chateau-de-riverie.fr\/en\/#\/schema\/logo\/image\/"},"sameAs":["https:\/\/www.facebook.com\/chateauderiverie","https:\/\/www.instagram.com\/chateau_de_riverie\/"]}]}},"_links":{"self":[{"href":"https:\/\/www.chateau-de-riverie.fr\/en\/wp-json\/wp\/v2\/pages\/696"}],"collection":[{"href":"https:\/\/www.chateau-de-riverie.fr\/en\/wp-json\/wp\/v2\/pages"}],"about":[{"href":"https:\/\/www.chateau-de-riverie.fr\/en\/wp-json\/wp\/v2\/types\/page"}],"author":[{"embeddable":true,"href":"https:\/\/www.chateau-de-riverie.fr\/en\/wp-json\/wp\/v2\/users\/1"}],"replies":[{"embeddable":true,"href":"https:\/\/www.chateau-de-riverie.fr\/en\/wp-json\/wp\/v2\/comments?post=696"}],"version-history":[{"count":4,"href":"https:\/\/www.chateau-de-riverie.fr\/en\/wp-json\/wp\/v2\/pages\/696\/revisions"}],"predecessor-version":[{"id":4386,"href":"https:\/\/www.chateau-de-riverie.fr\/en\/wp-json\/wp\/v2\/pages\/696\/revisions\/4386"}],"wp:attachment":[{"href":"https:\/\/www.chateau-de-riverie.fr\/en\/wp-json\/wp\/v2\/media?parent=696"}],"curies":[{"name":"wp","href":"https:\/\/api.w.org\/{rel}","templated":true}]}}