{"id":2172,"date":"2020-04-20T08:54:37","date_gmt":"2020-04-20T07:54:37","guid":{"rendered":"https:\/\/www.chateau-de-riverie.fr\/?page_id=2172"},"modified":"2023-01-13T11:14:33","modified_gmt":"2023-01-13T10:14:33","slug":"terms-of-sales-chambres-et-table-dhotes-pres-de-lyon","status":"publish","type":"page","link":"https:\/\/www.chateau-de-riverie.fr\/en\/informations\/terms-of-sales-chambres-et-table-dhotes-pres-de-lyon\/","title":{"rendered":"Terms of Sales"},"content":{"rendered":"\n<div>\n<p style=\"text-align: left;\" align=\"center\"><strong> <i> Article 1 <\/i> <i> <\/i>: <\/strong> this contract is intended for the exclusive use of the reservation of stays in approved guest houses by the competent departmental or interdepartmental antenna on behalf of the National Federation of G\u00eetes de France.<\/p>\n<p style=\"text-align: left;\" align=\"center\">In no case shall the National Federation of G\u00eetes de France be held liable in the event of the use of its contracts by third parties or for non-tourist purposes.<\/p>\n<p style=\"text-align: left;\" align=\"center\">The best welcome will be reserved for the hosts. The owner undertakes to personally welcome them with all the attentions necessary to facilitate their stay and knowledge of the region.<\/p>\n<\/div>\n\n\n\n<div>\n<p><strong> <i> Article 2 <\/i> &#8211; length of stay: <\/strong> the signatory client of this contract concluded for a fixed period may not under any circumstances claim any right to remain in the premises.<\/p>\n<p><strong> <i> Article 3 <\/i> &#8211; conclusion of the contract: <\/strong> the reservation becomes effective as soon as the customer has sent the owner a deposit of 25% of the total amount of the price of the stay with a minimum one night per room selected and a copy of the contract signed before the date indicated on the front. The second copy of the contract is to be kept by the customer. The prices are understood to include all charges included according to the description sheet, excluding tourist tax.<\/p>\n<p><strong> <i> Article 4 <\/i> &#8211; absence of withdrawal: <\/strong> for reservations made by post, telephone or Internet, the customer does not benefit from the withdrawal period, in accordance with article L121-20-4 of the consumer code relating in particular to the provision of accommodation services provided on a date or according to a determined periodicity.<\/p>\n<p><strong> <i> Article 5 <\/i> &#8211; cancellation by the customer: <\/strong> any cancellation must be notified by letter, or fax addressed to the owner.<\/p>\n<p>a) Cancellation before the start of the stay: if the cancellation occurs more than 24 hours before the start of the stay, the deposit remains with the owner.<\/p>\n<p>If the cancellation occurs less than 24 hours before the start of the stay, the deposit remains with the owner who will also request payment of the balance of the price of the stay.<\/p>\n<p>b) If the client does not appear before 7 p.m. on the day scheduled for the start of the stay, this contract becomes void and the owner can dispose of his guest rooms. The deposit remains with the owner who reserves the right to claim the balance of the price of the stay.<\/p>\n<p>c) In the event of a shortened stay, the price corresponding to the initial stay remains fully acquired by the owner.<\/p>\n<p>Additional services not used will be reimbursed.<\/p>\n<p><strong> <i> Article 6 <\/i> &#8211; cancellation by the owner: <\/strong> when before the start of the stay, the owner cancels this stay, he must inform the customer by registered letter with acknowledgment of receipt.<\/p>\n<p>The client, without prejudging recourse for compensation for any damage suffered, will be reimbursed immediately for the sums paid. He will also receive compensation at least equal to the penalty he would have borne if the cancellation had been made by him on that date.<\/p>\n<p><strong> <i> Article 7 <\/i> &#8211; arrival: <\/strong> the client must present himself on the specified day and at the times mentioned in this contract. In the event of late or delayed arrival, the client must notify the owner.<\/p>\n<p><strong> <i> Article 8 <\/i> &#8211; payment of the balance: <\/strong> the balance is payable on arrival at the owner.<\/p>\n<p>Consumption and additional services not mentioned in this contract will be paid at the end of the stay to the owner.<\/p>\n<p><strong> <i> Article 9 <\/i> &#8211; tourist tax: <\/strong> the tourist tax is a local tax that the customer must pay to the owner who then transfers it to the Treasury.<\/p>\n<p><strong> <i> Article 10 <\/i> &#8211; use of the premises: <\/strong> the client must respect the peaceful nature of the premises and make use of it in accordance with their destination. He undertakes to make the rooms in good condition.<\/p>\n<p><strong> <i> Article 11 <\/i> &#8211; capacity: <\/strong> this contract is established for a specific number of people. If the number of customers exceeds this number, the owner is able to refuse additional customers.<\/p>\n<p>This refusal can in no case be considered as a modification or a breach of the contract on the initiative of the owner, so that in case of departure of a number of customers greater than those refused, no refund can be considered.<\/p>\n<p><strong> <i> Article 12 <\/i> &#8211; animals: <\/strong> this contract specifies whether or not the client can stay with a pet. In the event of non-compliance with this clause by the client, the owner may refuse the animals.<\/p>\n<p>This refusal can in no case be considered as a modification or breach of the contract on the initiative of the owner, so that in case of departure of the customer, no refund can be considered.<\/p>\n<p><strong> <i> Article 13 <\/i> &#8211; disputes: <\/strong> any complaint relating to the inventory of fixtures must be submitted to the departmental or interdepartmental antenna of G\u00eetes de France within 3 days of the date of beginning of the stay.<\/p>\n<p>Any other complaint relating to a stay must be sent by letter, as soon as possible to the departmental office of G\u00eetes de France, competent to issue a proposal in favor of an amicable agreement.<\/p>\n<p>These provisions do not prejudge any legal actions brought by the customer or by the owner.<\/p>\n<\/div>\n\n\n\n<p><strong> NATIONAL FEDERATION OF GITES DE FRANCE &#8211; 40 AVENUE DE FLANDRE &#8211; 75019 PARIS <\/strong><\/p>\n","protected":false},"excerpt":{"rendered":"<p>Article 1 : this contract is intended for the exclusive use of the reservation of stays in approved guest houses by the competent departmental or interdepartmental antenna on behalf of the National Federation of G\u00eetes de France. In no case shall the National Federation of G\u00eetes de France be held[&#8230;]<\/p>\n","protected":false},"author":1,"featured_media":0,"parent":2163,"menu_order":0,"comment_status":"open","ping_status":"open","template":"template-full.php","meta":[],"yoast_head":"<!-- This site is optimized with the Yoast SEO plugin v20.8 - https:\/\/yoast.com\/wordpress\/plugins\/seo\/ -->\n<title>chambres et table d&#039;h\u00f4tes pr\u00e8s de Lyon - Ch\u00e2teau de Riverie<\/title>\n<meta name=\"description\" content=\"Construit au XI\u00e8me si\u00e8cle dans les Monts du Lyonnais, le ch\u00e2teau de Riverie situ\u00e9 entre Lyon et Saint Etienne domine l\u2019agglom\u00e9ration lyonnaise et offre un panorama sur le Pilat, la Vall\u00e9e du Rh\u00f4ne et la cha\u00eene des Alpes. Vous passerez un s\u00e9jour exceptionnel, dans les Monts du Lyonnais. La table d&#039;h\u00f4tes du ch\u00e2teau de Riverie vous laissera un souvenir gourmand et unique. Nous attachons beaucoup d&#039;importance \u00e0 la qualit\u00e9 de nos repas servis, toutes les pr\u00e9parations sont r\u00e9alis\u00e9es par nos soins et bien sur fait maison.\" \/>\n<meta name=\"robots\" content=\"index, nofollow, max-snippet:-1, max-image-preview:large, max-video-preview:-1\" \/>\n<link rel=\"canonical\" href=\"https:\/\/www.chateau-de-riverie.fr\/en\/informations\/terms-of-sales-chambres-et-table-dhotes-pres-de-lyon\/\" \/>\n<meta property=\"og:locale\" content=\"en_US\" \/>\n<meta property=\"og:type\" content=\"article\" \/>\n<meta property=\"og:title\" content=\"chambres et table d&#039;h\u00f4tes pr\u00e8s de Lyon - Ch\u00e2teau de Riverie\" \/>\n<meta property=\"og:description\" content=\"Construit au XI\u00e8me si\u00e8cle dans les Monts du Lyonnais, le ch\u00e2teau de Riverie situ\u00e9 entre Lyon et Saint Etienne domine l\u2019agglom\u00e9ration lyonnaise et offre un panorama sur le Pilat, la Vall\u00e9e du Rh\u00f4ne et la cha\u00eene des Alpes. Vous passerez un s\u00e9jour exceptionnel, dans les Monts du Lyonnais. La table d&#039;h\u00f4tes du ch\u00e2teau de Riverie vous laissera un souvenir gourmand et unique. Nous attachons beaucoup d&#039;importance \u00e0 la qualit\u00e9 de nos repas servis, toutes les pr\u00e9parations sont r\u00e9alis\u00e9es par nos soins et bien sur fait maison.\" \/>\n<meta property=\"og:url\" content=\"https:\/\/www.chateau-de-riverie.fr\/en\/informations\/terms-of-sales-chambres-et-table-dhotes-pres-de-lyon\/\" \/>\n<meta property=\"og:site_name\" content=\"Chambres d&#039;hotes 69 - Pr\u00e8s de Lyon\" \/>\n<meta property=\"article:publisher\" content=\"https:\/\/www.facebook.com\/chateauderiverie\" \/>\n<meta property=\"article:modified_time\" content=\"2023-01-13T10:14:33+00:00\" \/>\n<meta name=\"twitter:card\" content=\"summary_large_image\" \/>\n<meta name=\"twitter:label1\" content=\"Est. reading time\" \/>\n\t<meta name=\"twitter:data1\" content=\"5 minutes\" \/>\n<script type=\"application\/ld+json\" class=\"yoast-schema-graph\">{\"@context\":\"https:\/\/schema.org\",\"@graph\":[{\"@type\":\"WebPage\",\"@id\":\"https:\/\/www.chateau-de-riverie.fr\/en\/informations\/terms-of-sales-chambres-et-table-dhotes-pres-de-lyon\/\",\"url\":\"https:\/\/www.chateau-de-riverie.fr\/en\/informations\/terms-of-sales-chambres-et-table-dhotes-pres-de-lyon\/\",\"name\":\"chambres et table d'h\u00f4tes pr\u00e8s de Lyon - Ch\u00e2teau de Riverie\",\"isPartOf\":{\"@id\":\"https:\/\/www.chateau-de-riverie.fr\/en\/#website\"},\"datePublished\":\"2020-04-20T07:54:37+00:00\",\"dateModified\":\"2023-01-13T10:14:33+00:00\",\"description\":\"Construit au XI\u00e8me si\u00e8cle dans les Monts du Lyonnais, le ch\u00e2teau de Riverie situ\u00e9 entre Lyon et Saint Etienne domine l\u2019agglom\u00e9ration lyonnaise et offre un panorama sur le Pilat, la Vall\u00e9e du Rh\u00f4ne et la cha\u00eene des Alpes. Vous passerez un s\u00e9jour exceptionnel, dans les Monts du Lyonnais. La table d'h\u00f4tes du ch\u00e2teau de Riverie vous laissera un souvenir gourmand et unique. Nous attachons beaucoup d'importance \u00e0 la qualit\u00e9 de nos repas servis, toutes les pr\u00e9parations sont r\u00e9alis\u00e9es par nos soins et bien sur fait maison.\",\"breadcrumb\":{\"@id\":\"https:\/\/www.chateau-de-riverie.fr\/en\/informations\/terms-of-sales-chambres-et-table-dhotes-pres-de-lyon\/#breadcrumb\"},\"inLanguage\":\"en-US\",\"potentialAction\":[{\"@type\":\"ReadAction\",\"target\":[\"https:\/\/www.chateau-de-riverie.fr\/en\/informations\/terms-of-sales-chambres-et-table-dhotes-pres-de-lyon\/\"]}]},{\"@type\":\"BreadcrumbList\",\"@id\":\"https:\/\/www.chateau-de-riverie.fr\/en\/informations\/terms-of-sales-chambres-et-table-dhotes-pres-de-lyon\/#breadcrumb\",\"itemListElement\":[{\"@type\":\"ListItem\",\"position\":1,\"name\":\"Accueil\",\"item\":\"https:\/\/www.chateau-de-riverie.fr\/en\/\"},{\"@type\":\"ListItem\",\"position\":2,\"name\":\"INFORMATION\",\"item\":\"https:\/\/www.chateau-de-riverie.fr\/en\/informations\/\"},{\"@type\":\"ListItem\",\"position\":3,\"name\":\"Terms of Sales\"}]},{\"@type\":\"WebSite\",\"@id\":\"https:\/\/www.chateau-de-riverie.fr\/en\/#website\",\"url\":\"https:\/\/www.chateau-de-riverie.fr\/en\/\",\"name\":\"Chambres d'hotes 69 - Pr\u00e8s de Lyon\",\"description\":\"Maison d&#039;hote a Riverie - Rhone-Alpes\",\"publisher\":{\"@id\":\"https:\/\/www.chateau-de-riverie.fr\/en\/#organization\"},\"potentialAction\":[{\"@type\":\"SearchAction\",\"target\":{\"@type\":\"EntryPoint\",\"urlTemplate\":\"https:\/\/www.chateau-de-riverie.fr\/en\/?s={search_term_string}\"},\"query-input\":\"required name=search_term_string\"}],\"inLanguage\":\"en-US\"},{\"@type\":\"Organization\",\"@id\":\"https:\/\/www.chateau-de-riverie.fr\/en\/#organization\",\"name\":\"Ch\u00e2teau de Riverie\",\"url\":\"https:\/\/www.chateau-de-riverie.fr\/en\/\",\"logo\":{\"@type\":\"ImageObject\",\"inLanguage\":\"en-US\",\"@id\":\"https:\/\/www.chateau-de-riverie.fr\/en\/#\/schema\/logo\/image\/\",\"url\":\"https:\/\/www.chateau-de-riverie.fr\/wp-content\/uploads\/2013\/09\/chambre_hote_chateau_de_riverie_EN_CONSTRUCTION2.jpg\",\"contentUrl\":\"https:\/\/www.chateau-de-riverie.fr\/wp-content\/uploads\/2013\/09\/chambre_hote_chateau_de_riverie_EN_CONSTRUCTION2.jpg\",\"width\":1920,\"height\":800,\"caption\":\"Ch\u00e2teau de Riverie\"},\"image\":{\"@id\":\"https:\/\/www.chateau-de-riverie.fr\/en\/#\/schema\/logo\/image\/\"},\"sameAs\":[\"https:\/\/www.facebook.com\/chateauderiverie\",\"https:\/\/www.instagram.com\/chateau_de_riverie\/\"]}]}<\/script>\n<!-- \/ Yoast SEO plugin. -->","yoast_head_json":{"title":"chambres et table d'h\u00f4tes pr\u00e8s de Lyon - Ch\u00e2teau de Riverie","description":"Construit au XI\u00e8me si\u00e8cle dans les Monts du Lyonnais, le ch\u00e2teau de Riverie situ\u00e9 entre Lyon et Saint Etienne domine l\u2019agglom\u00e9ration lyonnaise et offre un panorama sur le Pilat, la Vall\u00e9e du Rh\u00f4ne et la cha\u00eene des Alpes. Vous passerez un s\u00e9jour exceptionnel, dans les Monts du Lyonnais. La table d'h\u00f4tes du ch\u00e2teau de Riverie vous laissera un souvenir gourmand et unique. Nous attachons beaucoup d'importance \u00e0 la qualit\u00e9 de nos repas servis, toutes les pr\u00e9parations sont r\u00e9alis\u00e9es par nos soins et bien sur fait maison.","robots":{"index":"index","follow":"nofollow","max-snippet":"max-snippet:-1","max-image-preview":"max-image-preview:large","max-video-preview":"max-video-preview:-1"},"canonical":"https:\/\/www.chateau-de-riverie.fr\/en\/informations\/terms-of-sales-chambres-et-table-dhotes-pres-de-lyon\/","og_locale":"en_US","og_type":"article","og_title":"chambres et table d'h\u00f4tes pr\u00e8s de Lyon - Ch\u00e2teau de Riverie","og_description":"Construit au XI\u00e8me si\u00e8cle dans les Monts du Lyonnais, le ch\u00e2teau de Riverie situ\u00e9 entre Lyon et Saint Etienne domine l\u2019agglom\u00e9ration lyonnaise et offre un panorama sur le Pilat, la Vall\u00e9e du Rh\u00f4ne et la cha\u00eene des Alpes. Vous passerez un s\u00e9jour exceptionnel, dans les Monts du Lyonnais. La table d'h\u00f4tes du ch\u00e2teau de Riverie vous laissera un souvenir gourmand et unique. Nous attachons beaucoup d'importance \u00e0 la qualit\u00e9 de nos repas servis, toutes les pr\u00e9parations sont r\u00e9alis\u00e9es par nos soins et bien sur fait maison.","og_url":"https:\/\/www.chateau-de-riverie.fr\/en\/informations\/terms-of-sales-chambres-et-table-dhotes-pres-de-lyon\/","og_site_name":"Chambres d&#039;hotes 69 - Pr\u00e8s de Lyon","article_publisher":"https:\/\/www.facebook.com\/chateauderiverie","article_modified_time":"2023-01-13T10:14:33+00:00","twitter_card":"summary_large_image","twitter_misc":{"Est. reading time":"5 minutes"},"schema":{"@context":"https:\/\/schema.org","@graph":[{"@type":"WebPage","@id":"https:\/\/www.chateau-de-riverie.fr\/en\/informations\/terms-of-sales-chambres-et-table-dhotes-pres-de-lyon\/","url":"https:\/\/www.chateau-de-riverie.fr\/en\/informations\/terms-of-sales-chambres-et-table-dhotes-pres-de-lyon\/","name":"chambres et table d'h\u00f4tes pr\u00e8s de Lyon - Ch\u00e2teau de Riverie","isPartOf":{"@id":"https:\/\/www.chateau-de-riverie.fr\/en\/#website"},"datePublished":"2020-04-20T07:54:37+00:00","dateModified":"2023-01-13T10:14:33+00:00","description":"Construit au XI\u00e8me si\u00e8cle dans les Monts du Lyonnais, le ch\u00e2teau de Riverie situ\u00e9 entre Lyon et Saint Etienne domine l\u2019agglom\u00e9ration lyonnaise et offre un panorama sur le Pilat, la Vall\u00e9e du Rh\u00f4ne et la cha\u00eene des Alpes. Vous passerez un s\u00e9jour exceptionnel, dans les Monts du Lyonnais. La table d'h\u00f4tes du ch\u00e2teau de Riverie vous laissera un souvenir gourmand et unique. Nous attachons beaucoup d'importance \u00e0 la qualit\u00e9 de nos repas servis, toutes les pr\u00e9parations sont r\u00e9alis\u00e9es par nos soins et bien sur fait maison.","breadcrumb":{"@id":"https:\/\/www.chateau-de-riverie.fr\/en\/informations\/terms-of-sales-chambres-et-table-dhotes-pres-de-lyon\/#breadcrumb"},"inLanguage":"en-US","potentialAction":[{"@type":"ReadAction","target":["https:\/\/www.chateau-de-riverie.fr\/en\/informations\/terms-of-sales-chambres-et-table-dhotes-pres-de-lyon\/"]}]},{"@type":"BreadcrumbList","@id":"https:\/\/www.chateau-de-riverie.fr\/en\/informations\/terms-of-sales-chambres-et-table-dhotes-pres-de-lyon\/#breadcrumb","itemListElement":[{"@type":"ListItem","position":1,"name":"Accueil","item":"https:\/\/www.chateau-de-riverie.fr\/en\/"},{"@type":"ListItem","position":2,"name":"INFORMATION","item":"https:\/\/www.chateau-de-riverie.fr\/en\/informations\/"},{"@type":"ListItem","position":3,"name":"Terms of Sales"}]},{"@type":"WebSite","@id":"https:\/\/www.chateau-de-riverie.fr\/en\/#website","url":"https:\/\/www.chateau-de-riverie.fr\/en\/","name":"Chambres d'hotes 69 - Pr\u00e8s de Lyon","description":"Maison d&#039;hote a Riverie - Rhone-Alpes","publisher":{"@id":"https:\/\/www.chateau-de-riverie.fr\/en\/#organization"},"potentialAction":[{"@type":"SearchAction","target":{"@type":"EntryPoint","urlTemplate":"https:\/\/www.chateau-de-riverie.fr\/en\/?s={search_term_string}"},"query-input":"required name=search_term_string"}],"inLanguage":"en-US"},{"@type":"Organization","@id":"https:\/\/www.chateau-de-riverie.fr\/en\/#organization","name":"Ch\u00e2teau de Riverie","url":"https:\/\/www.chateau-de-riverie.fr\/en\/","logo":{"@type":"ImageObject","inLanguage":"en-US","@id":"https:\/\/www.chateau-de-riverie.fr\/en\/#\/schema\/logo\/image\/","url":"https:\/\/www.chateau-de-riverie.fr\/wp-content\/uploads\/2013\/09\/chambre_hote_chateau_de_riverie_EN_CONSTRUCTION2.jpg","contentUrl":"https:\/\/www.chateau-de-riverie.fr\/wp-content\/uploads\/2013\/09\/chambre_hote_chateau_de_riverie_EN_CONSTRUCTION2.jpg","width":1920,"height":800,"caption":"Ch\u00e2teau de Riverie"},"image":{"@id":"https:\/\/www.chateau-de-riverie.fr\/en\/#\/schema\/logo\/image\/"},"sameAs":["https:\/\/www.facebook.com\/chateauderiverie","https:\/\/www.instagram.com\/chateau_de_riverie\/"]}]}},"_links":{"self":[{"href":"https:\/\/www.chateau-de-riverie.fr\/en\/wp-json\/wp\/v2\/pages\/2172"}],"collection":[{"href":"https:\/\/www.chateau-de-riverie.fr\/en\/wp-json\/wp\/v2\/pages"}],"about":[{"href":"https:\/\/www.chateau-de-riverie.fr\/en\/wp-json\/wp\/v2\/types\/page"}],"author":[{"embeddable":true,"href":"https:\/\/www.chateau-de-riverie.fr\/en\/wp-json\/wp\/v2\/users\/1"}],"replies":[{"embeddable":true,"href":"https:\/\/www.chateau-de-riverie.fr\/en\/wp-json\/wp\/v2\/comments?post=2172"}],"version-history":[{"count":1,"href":"https:\/\/www.chateau-de-riverie.fr\/en\/wp-json\/wp\/v2\/pages\/2172\/revisions"}],"predecessor-version":[{"id":4048,"href":"https:\/\/www.chateau-de-riverie.fr\/en\/wp-json\/wp\/v2\/pages\/2172\/revisions\/4048"}],"up":[{"embeddable":true,"href":"https:\/\/www.chateau-de-riverie.fr\/en\/wp-json\/wp\/v2\/pages\/2163"}],"wp:attachment":[{"href":"https:\/\/www.chateau-de-riverie.fr\/en\/wp-json\/wp\/v2\/media?parent=2172"}],"curies":[{"name":"wp","href":"https:\/\/api.w.org\/{rel}","templated":true}]}}