{"id":2163,"date":"2020-04-20T08:52:47","date_gmt":"2020-04-20T07:52:47","guid":{"rendered":"https:\/\/www.chateau-de-riverie.fr\/?page_id=2163"},"modified":"2023-01-11T15:46:38","modified_gmt":"2023-01-11T14:46:38","slug":"informations","status":"publish","type":"page","link":"https:\/\/www.chateau-de-riverie.fr\/en\/informations\/","title":{"rendered":"INFORMATION"},"content":{"rendered":"\n<p>Maison et table d\u2019h\u00f4tes &#8211; Chateau de Riverie<\/p>\n\n\n\n<p>Morena et St\u00e9phane GARCIA<br>6 Impasse du Ch\u00e2teau<br>69440 RIVERIE<br>06 20 52 10 84<br>www.chateau-de-riverie.fr<br>contact@chateau-de-riverie.fr<\/p>\n\n\n\n<p>capacity&nbsp;: 5 rooms \u2013 15 people<br>open all year round<br>payment: cash, credit card, cheque, holiday voucher<\/p>\n\n\n\n<p>arriving time : from 5.30 p.m to 22 p.m.<\/p>\n\n\n\n<p>Leaving time: The guest rooms must be vacant by 10 a.m except for special request.<\/p>\n\n\n\n<p>Animals are admitted in the guest house (35 \u20ac).<\/p>\n\n\n\n<p>Please refer to t<a href=\"https:\/\/www.chateau-de-riverie.fr\/informations-pratiques\/conditions-generales-vente\/\" target=\"_blank\" rel=\"noopener noreferrer\">he general terms and conditions.<\/a><\/p>\n\n\n\n<p>11th-century castle at the heart of a medieval village<br>Tree-filled park with an amazing view.<\/p>\n\n\n\n<p>A large living room (50 m2) is at your disposal. It includes a fireplace (fitted with a wood burner), a seating area, and a large farm-style table where your breakfast will be served.<br>Shaded terrace<\/p>\n\n\n\n<p>Internet connection : RJ 45 or WIFI<\/p>\n\n\n\n<p>GPS :<br>Latitude : 45.599274<br>Longitude : 4.588442<\/p>\n\n\n\n<p>When you arrive in the village, follow the street \u2018inderdit sauf riverains et desserte\u2019 which indicates the directions of: \u2018mairie\u2019, \u2018\u00e9glise\u2019, \u2018ch\u00e2teau\u2019. Drive to the top of the village. When you are facing the church, on the right, you can catch sight of a courtyard with a purple-shuttered house. On its fa\u00e7ade, you can read the sign \u2018G\u00eetes de France\u2019. You will distinguish a large door. This is it. You will all be warmly welcome.<\/p>\n\n\n\n<p>Possibility to park onsite<\/p>\n\n\n\n<p><a title=\"Implantation dans Riverie\" href=\"https:\/\/www.chateau-de-riverie.fr\/wp-content\/uploads\/2014\/02\/Plan-dacc\u00e8s.pdf\" target=\"_blank\" rel=\"noopener noreferrer\">Access map<\/a><\/p>\n","protected":false},"excerpt":{"rendered":"<p>Maison et table d\u2019h\u00f4tes &#8211; Chateau de Riverie Morena et St\u00e9phane GARCIA6 Impasse du Ch\u00e2teau69440 RIVERIE06 20 52 10 84www.chateau-de-riverie.frcontact@chateau-de-riverie.fr capacity&nbsp;: 5 rooms \u2013 15 peopleopen all year roundpayment: cash, credit card, cheque, holiday voucher arriving time : from 5.30 p.m to 22 p.m. Leaving time: The guest rooms must[&#8230;]<\/p>\n","protected":false},"author":1,"featured_media":0,"parent":0,"menu_order":0,"comment_status":"open","ping_status":"open","template":"","meta":[],"yoast_head":"<!-- This site is optimized with the Yoast SEO plugin v20.8 - https:\/\/yoast.com\/wordpress\/plugins\/seo\/ -->\n<title>INFORMATION - Chambres d&#039;hotes 69 - Pr\u00e8s de Lyon<\/title>\n<meta name=\"robots\" content=\"index, follow, max-snippet:-1, max-image-preview:large, max-video-preview:-1\" \/>\n<link rel=\"canonical\" href=\"https:\/\/www.chateau-de-riverie.fr\/en\/informations\/\" \/>\n<meta property=\"og:locale\" content=\"en_US\" \/>\n<meta property=\"og:type\" content=\"article\" \/>\n<meta property=\"og:title\" content=\"INFORMATION - Chambres d&#039;hotes 69 - Pr\u00e8s de Lyon\" \/>\n<meta property=\"og:description\" content=\"Maison et table d\u2019h\u00f4tes &#8211; Chateau de Riverie Morena et St\u00e9phane GARCIA6 Impasse du Ch\u00e2teau69440 RIVERIE06 20 52 10 84www.chateau-de-riverie.frcontact@chateau-de-riverie.fr capacity&nbsp;: 5 rooms \u2013 15 peopleopen all year roundpayment: cash, credit card, cheque, holiday voucher arriving time : from 5.30 p.m to 22 p.m. Leaving time: The guest rooms must[...]\" \/>\n<meta property=\"og:url\" content=\"https:\/\/www.chateau-de-riverie.fr\/en\/informations\/\" \/>\n<meta property=\"og:site_name\" content=\"Chambres d&#039;hotes 69 - Pr\u00e8s de Lyon\" \/>\n<meta property=\"article:publisher\" content=\"https:\/\/www.facebook.com\/chateauderiverie\" \/>\n<meta property=\"article:modified_time\" content=\"2023-01-11T14:46:38+00:00\" \/>\n<meta name=\"twitter:card\" content=\"summary_large_image\" \/>\n<meta name=\"twitter:label1\" content=\"Est. reading time\" \/>\n\t<meta name=\"twitter:data1\" content=\"2 minutes\" \/>\n<script type=\"application\/ld+json\" class=\"yoast-schema-graph\">{\"@context\":\"https:\/\/schema.org\",\"@graph\":[{\"@type\":\"WebPage\",\"@id\":\"https:\/\/www.chateau-de-riverie.fr\/en\/informations\/\",\"url\":\"https:\/\/www.chateau-de-riverie.fr\/en\/informations\/\",\"name\":\"INFORMATION - Chambres d&#039;hotes 69 - Pr\u00e8s de Lyon\",\"isPartOf\":{\"@id\":\"https:\/\/www.chateau-de-riverie.fr\/en\/#website\"},\"datePublished\":\"2020-04-20T07:52:47+00:00\",\"dateModified\":\"2023-01-11T14:46:38+00:00\",\"breadcrumb\":{\"@id\":\"https:\/\/www.chateau-de-riverie.fr\/en\/informations\/#breadcrumb\"},\"inLanguage\":\"en-US\",\"potentialAction\":[{\"@type\":\"ReadAction\",\"target\":[\"https:\/\/www.chateau-de-riverie.fr\/en\/informations\/\"]}]},{\"@type\":\"BreadcrumbList\",\"@id\":\"https:\/\/www.chateau-de-riverie.fr\/en\/informations\/#breadcrumb\",\"itemListElement\":[{\"@type\":\"ListItem\",\"position\":1,\"name\":\"Accueil\",\"item\":\"https:\/\/www.chateau-de-riverie.fr\/en\/\"},{\"@type\":\"ListItem\",\"position\":2,\"name\":\"INFORMATION\"}]},{\"@type\":\"WebSite\",\"@id\":\"https:\/\/www.chateau-de-riverie.fr\/en\/#website\",\"url\":\"https:\/\/www.chateau-de-riverie.fr\/en\/\",\"name\":\"Chambres d'hotes 69 - Pr\u00e8s de Lyon\",\"description\":\"Maison d&#039;hote a Riverie - Rhone-Alpes\",\"publisher\":{\"@id\":\"https:\/\/www.chateau-de-riverie.fr\/en\/#organization\"},\"potentialAction\":[{\"@type\":\"SearchAction\",\"target\":{\"@type\":\"EntryPoint\",\"urlTemplate\":\"https:\/\/www.chateau-de-riverie.fr\/en\/?s={search_term_string}\"},\"query-input\":\"required name=search_term_string\"}],\"inLanguage\":\"en-US\"},{\"@type\":\"Organization\",\"@id\":\"https:\/\/www.chateau-de-riverie.fr\/en\/#organization\",\"name\":\"Ch\u00e2teau de Riverie\",\"url\":\"https:\/\/www.chateau-de-riverie.fr\/en\/\",\"logo\":{\"@type\":\"ImageObject\",\"inLanguage\":\"en-US\",\"@id\":\"https:\/\/www.chateau-de-riverie.fr\/en\/#\/schema\/logo\/image\/\",\"url\":\"https:\/\/www.chateau-de-riverie.fr\/wp-content\/uploads\/2013\/09\/chambre_hote_chateau_de_riverie_EN_CONSTRUCTION2.jpg\",\"contentUrl\":\"https:\/\/www.chateau-de-riverie.fr\/wp-content\/uploads\/2013\/09\/chambre_hote_chateau_de_riverie_EN_CONSTRUCTION2.jpg\",\"width\":1920,\"height\":800,\"caption\":\"Ch\u00e2teau de Riverie\"},\"image\":{\"@id\":\"https:\/\/www.chateau-de-riverie.fr\/en\/#\/schema\/logo\/image\/\"},\"sameAs\":[\"https:\/\/www.facebook.com\/chateauderiverie\",\"https:\/\/www.instagram.com\/chateau_de_riverie\/\"]}]}<\/script>\n<!-- \/ Yoast SEO plugin. -->","yoast_head_json":{"title":"INFORMATION - Chambres d&#039;hotes 69 - Pr\u00e8s de Lyon","robots":{"index":"index","follow":"follow","max-snippet":"max-snippet:-1","max-image-preview":"max-image-preview:large","max-video-preview":"max-video-preview:-1"},"canonical":"https:\/\/www.chateau-de-riverie.fr\/en\/informations\/","og_locale":"en_US","og_type":"article","og_title":"INFORMATION - Chambres d&#039;hotes 69 - Pr\u00e8s de Lyon","og_description":"Maison et table d\u2019h\u00f4tes &#8211; Chateau de Riverie Morena et St\u00e9phane GARCIA6 Impasse du Ch\u00e2teau69440 RIVERIE06 20 52 10 84www.chateau-de-riverie.frcontact@chateau-de-riverie.fr capacity&nbsp;: 5 rooms \u2013 15 peopleopen all year roundpayment: cash, credit card, cheque, holiday voucher arriving time : from 5.30 p.m to 22 p.m. Leaving time: The guest rooms must[...]","og_url":"https:\/\/www.chateau-de-riverie.fr\/en\/informations\/","og_site_name":"Chambres d&#039;hotes 69 - Pr\u00e8s de Lyon","article_publisher":"https:\/\/www.facebook.com\/chateauderiverie","article_modified_time":"2023-01-11T14:46:38+00:00","twitter_card":"summary_large_image","twitter_misc":{"Est. reading time":"2 minutes"},"schema":{"@context":"https:\/\/schema.org","@graph":[{"@type":"WebPage","@id":"https:\/\/www.chateau-de-riverie.fr\/en\/informations\/","url":"https:\/\/www.chateau-de-riverie.fr\/en\/informations\/","name":"INFORMATION - Chambres d&#039;hotes 69 - Pr\u00e8s de Lyon","isPartOf":{"@id":"https:\/\/www.chateau-de-riverie.fr\/en\/#website"},"datePublished":"2020-04-20T07:52:47+00:00","dateModified":"2023-01-11T14:46:38+00:00","breadcrumb":{"@id":"https:\/\/www.chateau-de-riverie.fr\/en\/informations\/#breadcrumb"},"inLanguage":"en-US","potentialAction":[{"@type":"ReadAction","target":["https:\/\/www.chateau-de-riverie.fr\/en\/informations\/"]}]},{"@type":"BreadcrumbList","@id":"https:\/\/www.chateau-de-riverie.fr\/en\/informations\/#breadcrumb","itemListElement":[{"@type":"ListItem","position":1,"name":"Accueil","item":"https:\/\/www.chateau-de-riverie.fr\/en\/"},{"@type":"ListItem","position":2,"name":"INFORMATION"}]},{"@type":"WebSite","@id":"https:\/\/www.chateau-de-riverie.fr\/en\/#website","url":"https:\/\/www.chateau-de-riverie.fr\/en\/","name":"Chambres d'hotes 69 - Pr\u00e8s de Lyon","description":"Maison d&#039;hote a Riverie - Rhone-Alpes","publisher":{"@id":"https:\/\/www.chateau-de-riverie.fr\/en\/#organization"},"potentialAction":[{"@type":"SearchAction","target":{"@type":"EntryPoint","urlTemplate":"https:\/\/www.chateau-de-riverie.fr\/en\/?s={search_term_string}"},"query-input":"required name=search_term_string"}],"inLanguage":"en-US"},{"@type":"Organization","@id":"https:\/\/www.chateau-de-riverie.fr\/en\/#organization","name":"Ch\u00e2teau de Riverie","url":"https:\/\/www.chateau-de-riverie.fr\/en\/","logo":{"@type":"ImageObject","inLanguage":"en-US","@id":"https:\/\/www.chateau-de-riverie.fr\/en\/#\/schema\/logo\/image\/","url":"https:\/\/www.chateau-de-riverie.fr\/wp-content\/uploads\/2013\/09\/chambre_hote_chateau_de_riverie_EN_CONSTRUCTION2.jpg","contentUrl":"https:\/\/www.chateau-de-riverie.fr\/wp-content\/uploads\/2013\/09\/chambre_hote_chateau_de_riverie_EN_CONSTRUCTION2.jpg","width":1920,"height":800,"caption":"Ch\u00e2teau de Riverie"},"image":{"@id":"https:\/\/www.chateau-de-riverie.fr\/en\/#\/schema\/logo\/image\/"},"sameAs":["https:\/\/www.facebook.com\/chateauderiverie","https:\/\/www.instagram.com\/chateau_de_riverie\/"]}]}},"_links":{"self":[{"href":"https:\/\/www.chateau-de-riverie.fr\/en\/wp-json\/wp\/v2\/pages\/2163"}],"collection":[{"href":"https:\/\/www.chateau-de-riverie.fr\/en\/wp-json\/wp\/v2\/pages"}],"about":[{"href":"https:\/\/www.chateau-de-riverie.fr\/en\/wp-json\/wp\/v2\/types\/page"}],"author":[{"embeddable":true,"href":"https:\/\/www.chateau-de-riverie.fr\/en\/wp-json\/wp\/v2\/users\/1"}],"replies":[{"embeddable":true,"href":"https:\/\/www.chateau-de-riverie.fr\/en\/wp-json\/wp\/v2\/comments?post=2163"}],"version-history":[{"count":1,"href":"https:\/\/www.chateau-de-riverie.fr\/en\/wp-json\/wp\/v2\/pages\/2163\/revisions"}],"predecessor-version":[{"id":4035,"href":"https:\/\/www.chateau-de-riverie.fr\/en\/wp-json\/wp\/v2\/pages\/2163\/revisions\/4035"}],"wp:attachment":[{"href":"https:\/\/www.chateau-de-riverie.fr\/en\/wp-json\/wp\/v2\/media?parent=2163"}],"curies":[{"name":"wp","href":"https:\/\/api.w.org\/{rel}","templated":true}]}}